{"id":121,"date":"2016-09-01T08:14:50","date_gmt":"2016-09-01T08:14:50","guid":{"rendered":"http:\/\/nno2016.frontlabs.pl\/?page_id=121"},"modified":"2016-09-13T14:38:35","modified_gmt":"2016-09-13T14:38:35","slug":"strona-glowna","status":"publish","type":"page","link":"https:\/\/2016.nienieodpowiedzialni.pl\/","title":{"rendered":"Strona g\u0142\u00f3wna"},"content":{"rendered":"<p>&nbsp;<\/p>\n<p>Istot\u0105 konferencji organizowanej w ramach projektu NIENIEODPOWIEDZIALNI jest zwr\u00f3cenie uwagi bran\u017cy finansowej na jej wsp\u00f3\u0142czesne wyzwania w tym konieczno\u015b\u0107 przewarto\u015bciowania swoich dotychczasowych zachowa\u0144 rynkowych, nowego spojrzenia na rol\u0119 bran\u017cy finansowej oraz potrzeb\u0119 kreowania odpowiedzialnych postaw spo\u0142ecznych, s\u0142u\u017c\u0105cych budowaniu relacji opartych na zaufaniu i wiarygodno\u015bci.<\/p>\n<p>Motywem przewodnim tegorocznej konferencji b\u0119dzie cz\u0142owiek jako najwa\u017cniejszy interesariusz bran\u017cy finansowej. Zaprezentujemy m.in. wyk\u0142ady na temat humanistycznych wyzwa\u0144 w \u015bwiecie finans\u00f3w, cz\u0142owieka jako \u017ar\u00f3d\u0142a warto\u015bci ekonomicznej przedsi\u0119biorstwa. Poszukamy inspiracji jak firmy finansowe mog\u0105 stawa\u0107 si\u0119 lepszymi organizacjami, zar\u00f3wno ze wzgl\u0119du na warto\u015b\u0107 ekonomiczn\u0105 jak i spo\u0142eczn\u0105, dla dobra wsp\u00f3lnego. Tradycyjnie konferencj\u0119 zako\u0144czy uroczysto\u015b\u0107 wr\u0119czenia nagr\u00f3d w konkursie Verba Veritatis na najlepsz\u0105 prac\u0119 z tematyki etyki biznesu.<\/p>\n<p>Zapraszamy do polubienia profilu Nienieodpowiedzialni na FB <a href=\"https:\/\/www.facebook.com\/nienieodpowiedzialni\">www.facebook.com\/nienieodpowiedzialni<\/a><\/p>\n<p>&nbsp;<\/p>\n<p>Patronat nad konferencj\u0105 obj\u0119li <a href=\"http:\/\/konfederacjalewiatan.pl\/\">Konfederacja Lewiatan<\/a>,\u00a0<a href=\"https:\/\/www.mr.gov.pl\/\">Ministerstwo Rozwoju <\/a>oraz<a href=\"http:\/\/zwi\u0105zek bank\u00f3w polskich\"> Zwi\u0105zek Bank\u00f3w Polskich.<\/a><\/p>\n<p><img decoding=\"async\" loading=\"lazy\" class=\"alignnone wp-image-339\" src=\"http:\/\/2016.nienieodpowiedzialni.pl\/wp-content\/uploads\/2016\/08\/lewiatan-210x300.png\" alt=\"lewiatan\" width=\"67\" height=\"100\" \/>\u00a0 \u00a0 \u00a0 \u00a0 <img decoding=\"async\" loading=\"lazy\" class=\"alignnone  wp-image-439\" src=\"http:\/\/2016.nienieodpowiedzialni.pl\/wp-content\/uploads\/2016\/09\/mr_logo-przezroczyste-300x171.png\" alt=\"mr_logo-przezroczyste\" width=\"254\" height=\"128\" \/>\u00a0 \u00a0 \u00a0<img decoding=\"async\" loading=\"lazy\" class=\"alignnone size-medium wp-image-340\" src=\"http:\/\/2016.nienieodpowiedzialni.pl\/wp-content\/uploads\/2016\/08\/zbp-300x91.png\" alt=\"zbp\" width=\"300\" height=\"91\" srcset=\"https:\/\/2016.nienieodpowiedzialni.pl\/wp-content\/uploads\/2016\/08\/zbp-300x91.png 300w, https:\/\/2016.nienieodpowiedzialni.pl\/wp-content\/uploads\/2016\/08\/zbp-131x40.png 131w, https:\/\/2016.nienieodpowiedzialni.pl\/wp-content\/uploads\/2016\/08\/zbp.png 945w\" sizes=\"(max-width: 300px) 100vw, 300px\" \/><\/p>\n<p>Udzia\u0142 w konferencji jest bezp\u0142atny, zapraszamy do rejestracji.<\/p>\n","protected":false},"excerpt":{"rendered":"<p>&nbsp; Istot\u0105 konferencji organizowanej w ramach projektu NIENIEODPOWIEDZIALNI jest zwr\u00f3cenie uwagi bran\u017cy finansowej na jej wsp\u00f3\u0142czesne wyzwania w tym konieczno\u015b\u0107 przewarto\u015bciowania swoich dotychczasowych zachowa\u0144 rynkowych, nowego spojrzenia na rol\u0119 bran\u017cy finansowej oraz potrzeb\u0119 kreowania odpowiedzialnych postaw spo\u0142ecznych, s\u0142u\u017c\u0105cych budowaniu relacji opartych na zaufaniu i wiarygodno\u015bci. Motywem przewodnim tegorocznej konferencji b\u0119dzie cz\u0142owiek jako najwa\u017cniejszy interesariusz bran\u017cy [&hellip;]<\/p>\n","protected":false},"author":1,"featured_media":0,"parent":0,"menu_order":0,"comment_status":"closed","ping_status":"closed","template":"page-home.php","meta":[],"_links":{"self":[{"href":"https:\/\/2016.nienieodpowiedzialni.pl\/index.php?rest_route=\/wp\/v2\/pages\/121"}],"collection":[{"href":"https:\/\/2016.nienieodpowiedzialni.pl\/index.php?rest_route=\/wp\/v2\/pages"}],"about":[{"href":"https:\/\/2016.nienieodpowiedzialni.pl\/index.php?rest_route=\/wp\/v2\/types\/page"}],"author":[{"embeddable":true,"href":"https:\/\/2016.nienieodpowiedzialni.pl\/index.php?rest_route=\/wp\/v2\/users\/1"}],"replies":[{"embeddable":true,"href":"https:\/\/2016.nienieodpowiedzialni.pl\/index.php?rest_route=%2Fwp%2Fv2%2Fcomments&post=121"}],"version-history":[{"count":21,"href":"https:\/\/2016.nienieodpowiedzialni.pl\/index.php?rest_route=\/wp\/v2\/pages\/121\/revisions"}],"predecessor-version":[{"id":607,"href":"https:\/\/2016.nienieodpowiedzialni.pl\/index.php?rest_route=\/wp\/v2\/pages\/121\/revisions\/607"}],"wp:attachment":[{"href":"https:\/\/2016.nienieodpowiedzialni.pl\/index.php?rest_route=%2Fwp%2Fv2%2Fmedia&parent=121"}],"curies":[{"name":"wp","href":"https:\/\/api.w.org\/{rel}","templated":true}]}}