{"id":50,"date":"2016-08-29T10:47:16","date_gmt":"2016-08-29T10:47:16","guid":{"rendered":"http:\/\/nno2016.frontlabs.pl\/?page_id=50"},"modified":"2016-09-14T07:19:42","modified_gmt":"2016-09-14T07:19:42","slug":"kontakt","status":"publish","type":"page","link":"https:\/\/2016.nienieodpowiedzialni.pl\/?page_id=50","title":{"rendered":"Kontakt"},"content":{"rendered":"<h3 class=\"event_contact-title\">Konferencja odb\u0119dzie si\u0119 w Sali pod Kopu\u0142\u0105 w siedzibie Ministerstwa Rozwoju w Warszawie przy pl. Trzech Krzy\u017cy 3\/5 (wej\u015bcie od ul. Wsp\u00f3lnej).<\/h3>\n<p>Niestety nie dysponujemy miejscami parkingowymi dla go\u015bci konferencji, zach\u0119camy do korzystania z komunikacji miejskiej.<\/p>\n<p>Wszelkie pytania prosimy kierowa\u0107 na adres:<\/p>\n<address><strong>Katarzyna Nowak<\/strong><br \/>\ntel. +48 600-941-741<br \/>\n<a href=\"mailto:katarzyna.nowak@grupaang.com\">katarzyna.nowak@grupaang.com<\/a><\/address>\n<p>lub<\/p>\n<address><strong>Paulina Rutyna<\/strong><br \/>\ntel. +48 692-704-440<br \/>\n<a href=\"mailto:paulina.rutyna@grupaang.com\">paulina.rutyna@grupaang.com<\/a><\/address>\n","protected":false},"excerpt":{"rendered":"<p>Konferencja odb\u0119dzie si\u0119 w Sali pod Kopu\u0142\u0105 w siedzibie Ministerstwa Rozwoju w Warszawie przy pl. Trzech Krzy\u017cy 3\/5 (wej\u015bcie od ul. Wsp\u00f3lnej). Niestety nie dysponujemy miejscami parkingowymi dla go\u015bci konferencji, zach\u0119camy do korzystania z komunikacji miejskiej. Wszelkie pytania prosimy kierowa\u0107 na adres: Katarzyna Nowak tel. +48 600-941-741 katarzyna.nowak@grupaang.com lub Paulina Rutyna tel. +48 692-704-440 paulina.rutyna@grupaang.com<\/p>\n","protected":false},"author":1,"featured_media":0,"parent":0,"menu_order":0,"comment_status":"closed","ping_status":"closed","template":"page-contact.php","meta":[],"_links":{"self":[{"href":"https:\/\/2016.nienieodpowiedzialni.pl\/index.php?rest_route=\/wp\/v2\/pages\/50"}],"collection":[{"href":"https:\/\/2016.nienieodpowiedzialni.pl\/index.php?rest_route=\/wp\/v2\/pages"}],"about":[{"href":"https:\/\/2016.nienieodpowiedzialni.pl\/index.php?rest_route=\/wp\/v2\/types\/page"}],"author":[{"embeddable":true,"href":"https:\/\/2016.nienieodpowiedzialni.pl\/index.php?rest_route=\/wp\/v2\/users\/1"}],"replies":[{"embeddable":true,"href":"https:\/\/2016.nienieodpowiedzialni.pl\/index.php?rest_route=%2Fwp%2Fv2%2Fcomments&post=50"}],"version-history":[{"count":16,"href":"https:\/\/2016.nienieodpowiedzialni.pl\/index.php?rest_route=\/wp\/v2\/pages\/50\/revisions"}],"predecessor-version":[{"id":366,"href":"https:\/\/2016.nienieodpowiedzialni.pl\/index.php?rest_route=\/wp\/v2\/pages\/50\/revisions\/366"}],"wp:attachment":[{"href":"https:\/\/2016.nienieodpowiedzialni.pl\/index.php?rest_route=%2Fwp%2Fv2%2Fmedia&parent=50"}],"curies":[{"name":"wp","href":"https:\/\/api.w.org\/{rel}","templated":true}]}}